{"id":6169,"date":"2023-12-19T14:13:11","date_gmt":"2023-12-19T19:13:11","guid":{"rendered":"https:\/\/montrealcentreville.ca\/espace-membres\/initiatives-de-la-sdc\/"},"modified":"2024-03-28T16:33:00","modified_gmt":"2024-03-28T20:33:00","slug":"initiatives-de-la-sdc","status":"publish","type":"page","link":"https:\/\/montrealcentreville.ca\/en\/business\/initiatives-de-la-sdc\/","title":{"rendered":"SDC initiatives"},"content":{"rendered":"\n    <section class=\"preview-news section white || [&#038;_.card-news:nth-child(n+3)]:block || sm:[&#038;_.card-news:nth-child(n+3)]:hidden lg:[&#038;_.card-news:nth-child(n+3)]:block\">\n        \n<span class=\"absolute top-0 left-0\"  id=\"nouvelles\" ><\/span>        <div class=\"wrapper\">\n                <div class=\"flex flex-wrap items-center justify-between z-20 relative || lg:grid-col lg:gap-x-8\">\n                    <h2 class=\"text-h2 || row-start-1 lg:col-start-1 lg:col-span-7 2xl:col-span-6 text-indigo\">SDC projects<\/h2>\n                                    <div class=\"h-fit || row-start-1 self-end || lg:col-end-13 lg:justify-self-end lg:col-span-4\">\n                <a href=\"https:\/\/montrealcentreville.ca\/actualites\/\" class=\"primary-arrow-right || group flex items-center\"  target=\"\" >\n    <span class=\"button-text || leading-none transition text-white bg-[var(--color)] rounded-[50px] py-[18px] px-[28px] \">\n        See our initiatives    <\/span>\n    <span class=\"circle-with-arrow || relative overflow-hidden transition block w-[52px] aspect-square bg-white rounded-full || lg:w-[54px]\">\n        <span class=\"absolute flex justify-center items-center w-full h-full -translate-x-3 opacity-0 [transition:_transform_300ms_cubic-bezier(0.4,_0,_0.2,_1),_opacity_250ms_cubic-bezier(0.4,_0,_0.2,_1)] group-hover:translate-x-0 group-hover:opacity-100 group-hover:[transition:_transform_500ms_cubic-bezier(0.4,_0,_0.2,_1),_opacity_250ms_cubic-bezier(0.4,_0,_0.2,_1)]\"><svg xmlns=\"http:\/\/www.w3.org\/2000\/svg\" width=\"15\" height=\"14\" viewBox=\"0 0 15 14\" fill=\"none\">\n<path d=\"M11.4 7.85149C11.2728 7.84818 11.2003 7.84481 11.1277 7.8445C7.848 7.84766 4.56831 7.85082 1.28862 7.85552C0.946095 7.85589 0.66109 7.74964 0.486904 7.43822C0.318101 7.13598 0.324011 6.82781 0.502728 6.53249C0.672624 6.25136 0.940954 6.14336 1.25967 6.14302C1.90324 6.14156 2.54682 6.14086 3.19077 6.14055C5.83342 6.13769 8.47607 6.13484 11.1187 6.13428C11.1921 6.13459 11.2654 6.15559 11.3388 6.16662C11.348 6.14285 11.3572 6.11908 11.3664 6.0953C11.3126 6.0417 11.2591 5.98848 11.2053 5.93488C9.95373 4.68786 8.70134 3.44161 7.45203 2.19229C7.3475 2.08815 7.24643 1.97289 7.17567 1.84495C6.9838 1.49905 7.09253 1.07348 7.42141 0.810572C7.77562 0.527706 8.1815 0.526117 8.51541 0.809007C8.5669 0.852646 8.61378 0.901656 8.66182 0.949515C10.4649 2.74596 12.268 4.5424 14.071 6.33884C14.4876 6.75387 14.4887 7.21841 14.0743 7.63281C12.2598 9.44734 10.446 11.2626 8.6311 13.076C8.17066 13.5365 7.59462 13.4827 7.23442 12.9514C7.04413 12.6707 7.0408 12.3365 7.23489 12.0587C7.30393 11.9598 7.38642 11.8681 7.47237 11.7821C8.71595 10.5363 9.96107 9.29191 11.2058 8.04718C11.258 7.995 11.3102 7.94281 11.4007 7.85226L11.4 7.85149Z\" fill=\"#3D43B5\"\/>\n<\/svg><\/span>\n        <span class=\"absolute flex justify-center items-center w-full h-full [transition:_transform_300ms_cubic-bezier(0.4,_0,_0.2,_1),_opacity_250ms_cubic-bezier(0.4,_0,_0.2,_1)] group-hover:translate-x-3 group-hover:opacity-0 group-hover:[transition:_transform_500ms_cubic-bezier(0.4,_0,_0.2,_1),_opacity_250ms_cubic-bezier(0.4,_0,_0.2,_1)]\"><svg xmlns=\"http:\/\/www.w3.org\/2000\/svg\" width=\"15\" height=\"14\" viewBox=\"0 0 15 14\" fill=\"none\">\n<path d=\"M11.4 7.85149C11.2728 7.84818 11.2003 7.84481 11.1277 7.8445C7.848 7.84766 4.56831 7.85082 1.28862 7.85552C0.946095 7.85589 0.66109 7.74964 0.486904 7.43822C0.318101 7.13598 0.324011 6.82781 0.502728 6.53249C0.672624 6.25136 0.940954 6.14336 1.25967 6.14302C1.90324 6.14156 2.54682 6.14086 3.19077 6.14055C5.83342 6.13769 8.47607 6.13484 11.1187 6.13428C11.1921 6.13459 11.2654 6.15559 11.3388 6.16662C11.348 6.14285 11.3572 6.11908 11.3664 6.0953C11.3126 6.0417 11.2591 5.98848 11.2053 5.93488C9.95373 4.68786 8.70134 3.44161 7.45203 2.19229C7.3475 2.08815 7.24643 1.97289 7.17567 1.84495C6.9838 1.49905 7.09253 1.07348 7.42141 0.810572C7.77562 0.527706 8.1815 0.526117 8.51541 0.809007C8.5669 0.852646 8.61378 0.901656 8.66182 0.949515C10.4649 2.74596 12.268 4.5424 14.071 6.33884C14.4876 6.75387 14.4887 7.21841 14.0743 7.63281C12.2598 9.44734 10.446 11.2626 8.6311 13.076C8.17066 13.5365 7.59462 13.4827 7.23442 12.9514C7.04413 12.6707 7.0408 12.3365 7.23489 12.0587C7.30393 11.9598 7.38642 11.8681 7.47237 11.7821C8.71595 10.5363 9.96107 9.29191 11.2058 8.04718C11.258 7.995 11.3102 7.94281 11.4007 7.85226L11.4 7.85149Z\" fill=\"#3D43B5\"\/>\n<\/svg><\/span>\n    <\/span>\n<\/a>            <\/div>\n                    <\/div>\n            <div class=\"mt-10 || grid !gap-y-8 || sm:grid-col md:mt-12 lg:!gap-y-20 lg:mt-16\">\n                <div class=\"card-news card || rounded-xl overflow-hidden || col-span-full lg:rounded-[20px] bg-white sm:col-span-6 lg:col-span-4\">\n    <a href=\"https:\/\/montrealcentreville.ca\/en\/initiatives-en\/enhancing-the-experience-of-visitors-on-sainte-catherine-street-west\/\" class=\"flex min-h-full h-full flex-col \">\n        <div class=\"w-full \">\n            <div class=\"thumbnail w-full \"  style=\"padding-bottom: 56.25%\" >\n      <img decoding=\"async\" src=\"https:\/\/montrealcentreville.ca\/wp-content\/uploads\/2023\/12\/les-agents-d-accueil-en-action-sur-la-rue-sainte-catherine.jpg\" class=\"\" srcset=\"https:\/\/montrealcentreville.ca\/wp-content\/uploads\/2023\/12\/les-agents-d-accueil-en-action-sur-la-rue-sainte-catherine-640x360.jpg 640w, https:\/\/montrealcentreville.ca\/wp-content\/uploads\/2023\/12\/les-agents-d-accueil-en-action-sur-la-rue-sainte-catherine-300x169.jpg 300w, https:\/\/montrealcentreville.ca\/wp-content\/uploads\/2023\/12\/les-agents-d-accueil-en-action-sur-la-rue-sainte-catherine-1024x576.jpg 1024w, https:\/\/montrealcentreville.ca\/wp-content\/uploads\/2023\/12\/les-agents-d-accueil-en-action-sur-la-rue-sainte-catherine-768x432.jpg 768w, https:\/\/montrealcentreville.ca\/wp-content\/uploads\/2023\/12\/les-agents-d-accueil-en-action-sur-la-rue-sainte-catherine-1536x864.jpg 1536w, https:\/\/montrealcentreville.ca\/wp-content\/uploads\/2023\/12\/les-agents-d-accueil-en-action-sur-la-rue-sainte-catherine-1400x788.jpg 1400w, https:\/\/montrealcentreville.ca\/wp-content\/uploads\/2023\/12\/les-agents-d-accueil-en-action-sur-la-rue-sainte-catherine-480x270.jpg 480w, https:\/\/montrealcentreville.ca\/wp-content\/uploads\/2023\/12\/les-agents-d-accueil-en-action-sur-la-rue-sainte-catherine-350x197.jpg 350w, https:\/\/montrealcentreville.ca\/wp-content\/uploads\/2023\/12\/les-agents-d-accueil-en-action-sur-la-rue-sainte-catherine-150x84.jpg 150w, https:\/\/montrealcentreville.ca\/wp-content\/uploads\/2023\/12\/les-agents-d-accueil-en-action-sur-la-rue-sainte-catherine.jpg 1920w\" alt=\"Actions pendant les travaux de la rue Sainte-Catherine Ouest : agent d'accueil\">\n  <\/div>        <\/div>\n        <div class=\"bg-white p-6 lg:p-8\">\n            <div class=\"flex flex-wrap items-center gap-x-6 gap-y-4 mb-6\">\n                <span class=\"what-to-do-card || group\/what-to-do || pointer-events-none grid [grid-template-columns:_1fr_auto] items-center !p-2 !pl-5 gap-x-[14px] !border !border-solid rounded-[25.5px] w-max transition-colors duration-200 hover:bg-[var(--accent-color)]\" style=\"--accent-color: #8224e3; border-color: #8224e3 !important\" data-color=\"#8224e3\">\n    \n<span class=\"text-[16px] text-neutral leading-none tracking-[0.0225rem] font-[400] transition-colors duration-200 group-hover\/what-to-do:text-neutral\">Initiatives<\/span>\n<span class=\"pill || relative rounded-full w-[33px] aspect-square transition-colors duration-200 bg-[var(--accent-color)] group-hover\/what-to-do:bg-white\">\n    <span class=\"block absolute top-1\/2 left-1\/2 -translate-x-1\/2 -translate-y-1\/2 invert-0 transition-[filter] group-hover\/what-to-do:invert-0\">\n        <img decoding=\"async\" width=\"15\" height=\"15\" src=\"https:\/\/montrealcentreville.ca\/wp-content\/uploads\/2023\/11\/nouveaute-icon.svg\" class=\"invert-0 w-full h-full\" alt=\"\" \/>    <\/span>\n<\/span><\/span>                <p class=\"text-neutral text-[16px] leading-none\">aug. 1, 2024<\/p>\n            <\/div>\n                            <h3 class=\"text-h5 text-neutral\">Enhancing the experience of visitors on Sainte-Catherine Street West<\/h3>\n                    <\/div>\n    <\/a>\n<\/div><div class=\"card-news card || rounded-xl overflow-hidden || col-span-full lg:rounded-[20px] bg-white sm:col-span-6 lg:col-span-4\">\n    <a href=\"https:\/\/montrealcentreville.ca\/en\/initiatives-en\/year-long-greening-an-ambitious-project-for-montreal-centre-ville\/\" class=\"flex min-h-full h-full flex-col \">\n        <div class=\"w-full \">\n            <div class=\"thumbnail w-full \"  style=\"padding-bottom: 56.25%\" >\n      <img decoding=\"async\" src=\"https:\/\/montrealcentreville.ca\/wp-content\/uploads\/2023\/11\/MCV_Template_concerts_Les-Jardins-du-centre-ville_banniere-site-11.jpg\" class=\"\" srcset=\"https:\/\/montrealcentreville.ca\/wp-content\/uploads\/2023\/11\/MCV_Template_concerts_Les-Jardins-du-centre-ville_banniere-site-11-640x360.jpg 640w, https:\/\/montrealcentreville.ca\/wp-content\/uploads\/2023\/11\/MCV_Template_concerts_Les-Jardins-du-centre-ville_banniere-site-11-300x169.jpg 300w, https:\/\/montrealcentreville.ca\/wp-content\/uploads\/2023\/11\/MCV_Template_concerts_Les-Jardins-du-centre-ville_banniere-site-11-1024x576.jpg 1024w, https:\/\/montrealcentreville.ca\/wp-content\/uploads\/2023\/11\/MCV_Template_concerts_Les-Jardins-du-centre-ville_banniere-site-11-768x432.jpg 768w, https:\/\/montrealcentreville.ca\/wp-content\/uploads\/2023\/11\/MCV_Template_concerts_Les-Jardins-du-centre-ville_banniere-site-11-1536x864.jpg 1536w, https:\/\/montrealcentreville.ca\/wp-content\/uploads\/2023\/11\/MCV_Template_concerts_Les-Jardins-du-centre-ville_banniere-site-11-1400x788.jpg 1400w, https:\/\/montrealcentreville.ca\/wp-content\/uploads\/2023\/11\/MCV_Template_concerts_Les-Jardins-du-centre-ville_banniere-site-11-480x270.jpg 480w, https:\/\/montrealcentreville.ca\/wp-content\/uploads\/2023\/11\/MCV_Template_concerts_Les-Jardins-du-centre-ville_banniere-site-11-350x197.jpg 350w, https:\/\/montrealcentreville.ca\/wp-content\/uploads\/2023\/11\/MCV_Template_concerts_Les-Jardins-du-centre-ville_banniere-site-11-150x84.jpg 150w, https:\/\/montrealcentreville.ca\/wp-content\/uploads\/2023\/11\/MCV_Template_concerts_Les-Jardins-du-centre-ville_banniere-site-11.jpg 1920w\" alt=\"Verdissement Avenue des Canadiens de Montr\u00e9al, \u00e9t\u00e9 2024\">\n  <\/div>        <\/div>\n        <div class=\"bg-white p-6 lg:p-8\">\n            <div class=\"flex flex-wrap items-center gap-x-6 gap-y-4 mb-6\">\n                <span class=\"what-to-do-card || group\/what-to-do || pointer-events-none grid [grid-template-columns:_1fr_auto] items-center !p-2 !pl-5 gap-x-[14px] !border !border-solid rounded-[25.5px] w-max transition-colors duration-200 hover:bg-[var(--accent-color)]\" style=\"--accent-color: #8224e3; border-color: #8224e3 !important\" data-color=\"#8224e3\">\n    \n<span class=\"text-[16px] text-neutral leading-none tracking-[0.0225rem] font-[400] transition-colors duration-200 group-hover\/what-to-do:text-neutral\">Initiatives<\/span>\n<span class=\"pill || relative rounded-full w-[33px] aspect-square transition-colors duration-200 bg-[var(--accent-color)] group-hover\/what-to-do:bg-white\">\n    <span class=\"block absolute top-1\/2 left-1\/2 -translate-x-1\/2 -translate-y-1\/2 invert-0 transition-[filter] group-hover\/what-to-do:invert-0\">\n        <img decoding=\"async\" width=\"15\" height=\"15\" src=\"https:\/\/montrealcentreville.ca\/wp-content\/uploads\/2023\/11\/nouveaute-icon.svg\" class=\"invert-0 w-full h-full\" alt=\"\" \/>    <\/span>\n<\/span><\/span>                <p class=\"text-neutral text-[16px] leading-none\">jun. 5, 2025<\/p>\n            <\/div>\n                            <h3 class=\"text-h5 text-neutral\">Year Long Greening: An Ambitious Project for Montr\u00e9al centre-ville<\/h3>\n                    <\/div>\n    <\/a>\n<\/div><div class=\"card-news card || rounded-xl overflow-hidden || col-span-full lg:rounded-[20px] bg-white sm:col-span-6 lg:col-span-4\">\n    <a href=\"https:\/\/montrealcentreville.ca\/en\/initiatives-en\/les-initiatives-prises-par-montreal-centre-ville-pour-la-saison-estivale-2025\/\" class=\"flex min-h-full h-full flex-col \">\n        <div class=\"w-full \">\n            <div class=\"thumbnail w-full \"  style=\"padding-bottom: 56.25%\" >\n      <img decoding=\"async\" src=\"https:\/\/montrealcentreville.ca\/wp-content\/uploads\/2025\/05\/saison_estivale_montreal_centre_ville.jpg\" class=\"\" srcset=\"https:\/\/montrealcentreville.ca\/wp-content\/uploads\/2025\/05\/saison_estivale_montreal_centre_ville-640x360.jpg 640w, https:\/\/montrealcentreville.ca\/wp-content\/uploads\/2025\/05\/saison_estivale_montreal_centre_ville-300x169.jpg 300w, https:\/\/montrealcentreville.ca\/wp-content\/uploads\/2025\/05\/saison_estivale_montreal_centre_ville-1024x576.jpg 1024w, https:\/\/montrealcentreville.ca\/wp-content\/uploads\/2025\/05\/saison_estivale_montreal_centre_ville-768x432.jpg 768w, https:\/\/montrealcentreville.ca\/wp-content\/uploads\/2025\/05\/saison_estivale_montreal_centre_ville-1536x864.jpg 1536w, https:\/\/montrealcentreville.ca\/wp-content\/uploads\/2025\/05\/saison_estivale_montreal_centre_ville-1400x788.jpg 1400w, https:\/\/montrealcentreville.ca\/wp-content\/uploads\/2025\/05\/saison_estivale_montreal_centre_ville-480x270.jpg 480w, https:\/\/montrealcentreville.ca\/wp-content\/uploads\/2025\/05\/saison_estivale_montreal_centre_ville-350x197.jpg 350w, https:\/\/montrealcentreville.ca\/wp-content\/uploads\/2025\/05\/saison_estivale_montreal_centre_ville-150x84.jpg 150w, https:\/\/montrealcentreville.ca\/wp-content\/uploads\/2025\/05\/saison_estivale_montreal_centre_ville.jpg 1920w\" alt=\"le \">\n  <\/div>        <\/div>\n        <div class=\"bg-white p-6 lg:p-8\">\n            <div class=\"flex flex-wrap items-center gap-x-6 gap-y-4 mb-6\">\n                <span class=\"what-to-do-card || group\/what-to-do || pointer-events-none grid [grid-template-columns:_1fr_auto] items-center !p-2 !pl-5 gap-x-[14px] !border !border-solid rounded-[25.5px] w-max transition-colors duration-200 hover:bg-[var(--accent-color)]\" style=\"--accent-color: #8224e3; border-color: #8224e3 !important\" data-color=\"#8224e3\">\n    \n<span class=\"text-[16px] text-neutral leading-none tracking-[0.0225rem] font-[400] transition-colors duration-200 group-hover\/what-to-do:text-neutral\">Initiatives<\/span>\n<span class=\"pill || relative rounded-full w-[33px] aspect-square transition-colors duration-200 bg-[var(--accent-color)] group-hover\/what-to-do:bg-white\">\n    <span class=\"block absolute top-1\/2 left-1\/2 -translate-x-1\/2 -translate-y-1\/2 invert-0 transition-[filter] group-hover\/what-to-do:invert-0\">\n        <img decoding=\"async\" width=\"15\" height=\"15\" src=\"https:\/\/montrealcentreville.ca\/wp-content\/uploads\/2023\/11\/nouveaute-icon.svg\" class=\"invert-0 w-full h-full\" alt=\"\" \/>    <\/span>\n<\/span><\/span>                <p class=\"text-neutral text-[16px] leading-none\">jul. 1, 2025<\/p>\n            <\/div>\n                            <h3 class=\"text-h5 text-neutral\">Initiatives led by Montr\u00e9al centre-ville for the summer 2025 season<\/h3>\n                    <\/div>\n    <\/a>\n<\/div>            <\/div>\n        <\/div>\n    <\/section>\n\n\n","protected":false},"excerpt":{"rendered":"","protected":false},"author":1,"featured_media":0,"parent":6155,"menu_order":29,"comment_status":"closed","ping_status":"closed","template":"","meta":{"_acf_changed":false,"inline_featured_image":false,"_price":"","_stock":"","_tribe_ticket_header":"","_tribe_default_ticket_provider":"","_tribe_ticket_capacity":"0","_ticket_start_date":"","_ticket_end_date":"","_tribe_ticket_show_description":"","_tribe_ticket_show_not_going":false,"_tribe_ticket_use_global_stock":"","_tribe_ticket_global_stock_level":"","_global_stock_mode":"","_global_stock_cap":"","_tribe_rsvp_for_event":"","_tribe_ticket_going_count":"","_tribe_ticket_not_going_count":"","_tribe_tickets_list":"[]","_tribe_ticket_has_attendee_info_fields":false,"footnotes":"","_tec_slr_enabled":"","_tec_slr_layout":""},"class_list":["post-6169","page","type-page","status-publish","hentry"],"acf":[],"ticketed":false,"_links":{"self":[{"href":"https:\/\/montrealcentreville.ca\/en\/wp-json\/wp\/v2\/pages\/6169","targetHints":{"allow":["GET"]}}],"collection":[{"href":"https:\/\/montrealcentreville.ca\/en\/wp-json\/wp\/v2\/pages"}],"about":[{"href":"https:\/\/montrealcentreville.ca\/en\/wp-json\/wp\/v2\/types\/page"}],"author":[{"embeddable":true,"href":"https:\/\/montrealcentreville.ca\/en\/wp-json\/wp\/v2\/users\/1"}],"replies":[{"embeddable":true,"href":"https:\/\/montrealcentreville.ca\/en\/wp-json\/wp\/v2\/comments?post=6169"}],"version-history":[{"count":0,"href":"https:\/\/montrealcentreville.ca\/en\/wp-json\/wp\/v2\/pages\/6169\/revisions"}],"up":[{"embeddable":true,"href":"https:\/\/montrealcentreville.ca\/en\/wp-json\/wp\/v2\/pages\/6155"}],"wp:attachment":[{"href":"https:\/\/montrealcentreville.ca\/en\/wp-json\/wp\/v2\/media?parent=6169"}],"curies":[{"name":"wp","href":"https:\/\/api.w.org\/{rel}","templated":true}]}}