{"id":13111,"date":"2024-11-10T17:37:57","date_gmt":"2024-11-10T22:37:57","guid":{"rendered":"https:\/\/montrealcentreville.ca\/?page_id=13111"},"modified":"2024-11-10T17:46:54","modified_gmt":"2024-11-10T22:46:54","slug":"opening-hours","status":"publish","type":"page","link":"https:\/\/montrealcentreville.ca\/en\/business\/opening-hours\/","title":{"rendered":"Opening hours"},"content":{"rendered":"\n    <section class=\"wysiwyg || relative section slate\">\n        <div class=\"circle-big || absolute top-10 -left-[50px] || md:top-20 md:-left-[100px] xl:-left-[150px]\"><\/div>\n        \n<span class=\"absolute top-0 left-0\" ><\/span>        <div class=\"wrapper || relative flex justify-center \">\n            <div class=\"wysiwyg-container || w-full \">\n                <h2>The advantages of tourist zone status<\/h2>\n<p>Following a request made in 2008 to the City of Montreal by the Soci\u00e9t\u00e9 de d\u00e9veloppement commercial Montr\u00e9al centre-ville, the downtown area was granted tourist zone status. With this status, retail businesses located in this zone can open their doors without any restrictions in order to take full advantage of customer traffic, and <strong>are free to determine their own opening hours and days.<\/strong><\/p>\n<p>Extended opening hours not only meet the needs of different customer groups, but also enable the zone&#8217;s business community to adapt to changing circumstances and business opportunities.<\/p>\n<h2><img decoding=\"async\" class=\"alignnone wp-image-12972 size-large\" src=\"https:\/\/montrealcentreville.ca\/wp-content\/uploads\/2024\/11\/CARTE_ZONE_TOURISTIQUE-1024x789.jpg\" alt=\"Carte zone touristique\" width=\"1024\" height=\"789\" srcset=\"https:\/\/montrealcentreville.ca\/wp-content\/uploads\/2024\/11\/CARTE_ZONE_TOURISTIQUE-1024x789.jpg 1024w, https:\/\/montrealcentreville.ca\/wp-content\/uploads\/2024\/11\/CARTE_ZONE_TOURISTIQUE-300x231.jpg 300w, https:\/\/montrealcentreville.ca\/wp-content\/uploads\/2024\/11\/CARTE_ZONE_TOURISTIQUE-768x592.jpg 768w, https:\/\/montrealcentreville.ca\/wp-content\/uploads\/2024\/11\/CARTE_ZONE_TOURISTIQUE-640x493.jpg 640w, https:\/\/montrealcentreville.ca\/wp-content\/uploads\/2024\/11\/CARTE_ZONE_TOURISTIQUE-480x370.jpg 480w, https:\/\/montrealcentreville.ca\/wp-content\/uploads\/2024\/11\/CARTE_ZONE_TOURISTIQUE-350x270.jpg 350w, https:\/\/montrealcentreville.ca\/wp-content\/uploads\/2024\/11\/CARTE_ZONE_TOURISTIQUE-150x116.jpg 150w, https:\/\/montrealcentreville.ca\/wp-content\/uploads\/2024\/11\/CARTE_ZONE_TOURISTIQUE.jpg 1236w\" sizes=\"(max-width: 1024px) 100vw, 1024px\" \/>Regulations governing tourist zone status<\/h2>\n<p>To take full advantage of our tourist zone status while complying with the associated rules, we invite you to consult the regulations.<\/p>\n<p><a class=\"group flex items-center no-underline mt-6 lg:mt-8\" href=\"https:\/\/montrealcentreville.ca\/wp-content\/uploads\/2024\/11\/Reglement-20-020-_-Zone-touristique-_-Disquaires.pdf\" target=\"_blank\" rel=\"noopener\"> <span class=\"button-text || leading-none transition text-white bg-[var(--color)] rounded-[50px] py-[18px] px-[28px]\">More information<\/span> <span class=\"circle-with-arrow || relative overflow-hidden transition block w-[52px] aspect-square bg-white rounded-full || lg:w-[54px]\"> <span class=\"absolute flex justify-center items-center w-full h-full -translate-x-3 opacity-0 [transition:_transform_300ms_cubic-bezier(0.4,_0,_0.2,_1),_opacity_250ms_cubic-bezier(0.4,_0,_0.2,_1)] group-hover:translate-x-0 group-hover:opacity-100 group-hover:[transition:_transform_500ms_cubic-bezier(0.4,_0,_0.2,_1),_opacity_250ms_cubic-bezier(0.4,_0,_0.2,_1)]\"> <svg viewbox=\"0 0 15 14\" xmlns=\"http:\/\/www.w3.org\/2000\/svg\" width=\"15\" height=\"14\"> <path fill=\"#3D43B5\" d=\"M11.4 7.85149C11.2728 7.84818 11.2003 7.84481 11.1277 7.8445C7.848 7.84766 4.56831 7.85082 1.28862 7.85552C0.946095 7.85589 0.66109 7.74964 0.486904 7.43822C0.318101 7.13598 0.324011 6.82781 0.502728 6.53249C0.672624 6.25136 0.940954 6.14336 1.25967 6.14302C1.90324 6.14156 2.54682 6.14086 3.19077 6.14055C5.83342 6.13769 8.47607 6.13484 11.1187 6.13428C11.1921 6.13459 11.2654 6.15559 11.3388 6.16662C11.348 6.14285 11.3572 6.11908 11.3664 6.0953C11.3126 6.0417 11.2591 5.98848 11.2053 5.93488C9.95373 4.68786 8.70134 3.44161 7.45203 2.19229C7.3475 2.08815 7.24643 1.97289 7.17567 1.84495C6.9838 1.49905 7.09253 1.07348 7.42141 0.810572C7.77562 0.527706 8.1815 0.526117 8.51541 0.809007C8.5669 0.852646 8.61378 0.901656 8.66182 0.949515C10.4649 2.74596 12.268 4.5424 14.071 6.33884C14.4876 6.75387 14.4887 7.21841 14.0743 7.63281C12.2598 9.44734 10.446 11.2626 8.6311 13.076C8.17066 13.5365 7.59462 13.4827 7.23442 12.9514C7.04413 12.6707 7.0408 12.3365 7.23489 12.0587C7.30393 11.9598 7.38642 11.8681 7.47237 11.7821C8.71595 10.5363 9.96107 9.29191 11.2058 8.04718C11.258 7.995 11.3102 7.94281 11.4007 7.85226L11.4 7.85149Z\"><\/path> <\/svg> <\/span> <span class=\"absolute flex justify-center items-center w-full h-full [transition:_transform_300ms_cubic-bezier(0.4,_0,_0.2,_1),_opacity_250ms_cubic-bezier(0.4,_0,_0.2,_1)] group-hover:translate-x-3 group-hover:opacity-0 group-hover:[transition:_transform_500ms_cubic-bezier(0.4,_0,_0.2,_1),_opacity_250ms_cubic-bezier(0.4,_0,_0.2,_1)]\"> <svg viewbox=\"0 0 15 14\" xmlns=\"http:\/\/www.w3.org\/2000\/svg\" width=\"15\" height=\"14\"> <path fill=\"#3D43B5\" d=\"M11.4 7.85149C11.2728 7.84818 11.2003 7.84481 11.1277 7.8445C7.848 7.84766 4.56831 7.85082 1.28862 7.85552C0.946095 7.85589 0.66109 7.74964 0.486904 7.43822C0.318101 7.13598 0.324011 6.82781 0.502728 6.53249C0.672624 6.25136 0.940954 6.14336 1.25967 6.14302C1.90324 6.14156 2.54682 6.14086 3.19077 6.14055C5.83342 6.13769 8.47607 6.13484 11.1187 6.13428C11.1921 6.13459 11.2654 6.15559 11.3388 6.16662C11.348 6.14285 11.3572 6.11908 11.3664 6.0953C11.3126 6.0417 11.2591 5.98848 11.2053 5.93488C9.95373 4.68786 8.70134 3.44161 7.45203 2.19229C7.3475 2.08815 7.24643 1.97289 7.17567 1.84495C6.9838 1.49905 7.09253 1.07348 7.42141 0.810572C7.77562 0.527706 8.1815 0.526117 8.51541 0.809007C8.5669 0.852646 8.61378 0.901656 8.66182 0.949515C10.4649 2.74596 12.268 4.5424 14.071 6.33884C14.4876 6.75387 14.4887 7.21841 14.0743 7.63281C12.2598 9.44734 10.446 11.2626 8.6311 13.076C8.17066 13.5365 7.59462 13.4827 7.23442 12.9514C7.04413 12.6707 7.0408 12.3365 7.23489 12.0587C7.30393 11.9598 7.38642 11.8681 7.47237 11.7821C8.71595 10.5363 9.96107 9.29191 11.2058 8.04718C11.258 7.995 11.3102 7.94281 11.4007 7.85226L11.4 7.85149Z\"><\/path> <\/svg> <\/span> <\/span> <\/a><\/p>\n            <\/div>\n                    <\/div>\n    <\/section>\n","protected":false},"excerpt":{"rendered":"","protected":false},"author":2,"featured_media":12975,"parent":6155,"menu_order":35,"comment_status":"closed","ping_status":"closed","template":"","meta":{"_acf_changed":true,"inline_featured_image":false,"_price":"","_stock":"","_tribe_ticket_header":"","_tribe_default_ticket_provider":"","_tribe_ticket_capacity":"0","_ticket_start_date":"","_ticket_end_date":"","_tribe_ticket_show_description":"","_tribe_ticket_show_not_going":false,"_tribe_ticket_use_global_stock":"","_tribe_ticket_global_stock_level":"","_global_stock_mode":"","_global_stock_cap":"","_tribe_rsvp_for_event":"","_tribe_ticket_going_count":"","_tribe_ticket_not_going_count":"","_tribe_tickets_list":"[]","_tribe_ticket_has_attendee_info_fields":false,"footnotes":"","_tec_slr_enabled":"","_tec_slr_layout":""},"class_list":["post-13111","page","type-page","status-publish","has-post-thumbnail","hentry"],"acf":[],"ticketed":false,"_links":{"self":[{"href":"https:\/\/montrealcentreville.ca\/en\/wp-json\/wp\/v2\/pages\/13111","targetHints":{"allow":["GET"]}}],"collection":[{"href":"https:\/\/montrealcentreville.ca\/en\/wp-json\/wp\/v2\/pages"}],"about":[{"href":"https:\/\/montrealcentreville.ca\/en\/wp-json\/wp\/v2\/types\/page"}],"author":[{"embeddable":true,"href":"https:\/\/montrealcentreville.ca\/en\/wp-json\/wp\/v2\/users\/2"}],"replies":[{"embeddable":true,"href":"https:\/\/montrealcentreville.ca\/en\/wp-json\/wp\/v2\/comments?post=13111"}],"version-history":[{"count":0,"href":"https:\/\/montrealcentreville.ca\/en\/wp-json\/wp\/v2\/pages\/13111\/revisions"}],"up":[{"embeddable":true,"href":"https:\/\/montrealcentreville.ca\/en\/wp-json\/wp\/v2\/pages\/6155"}],"wp:featuredmedia":[{"embeddable":true,"href":"https:\/\/montrealcentreville.ca\/en\/wp-json\/wp\/v2\/media\/12975"}],"wp:attachment":[{"href":"https:\/\/montrealcentreville.ca\/en\/wp-json\/wp\/v2\/media?parent=13111"}],"curies":[{"name":"wp","href":"https:\/\/api.w.org\/{rel}","templated":true}]}}